{"id":1547,"date":"2026-01-22T18:28:48","date_gmt":"2026-01-22T18:28:48","guid":{"rendered":"https:\/\/nai.lt\/cookies\/"},"modified":"2026-03-01T17:55:00","modified_gmt":"2026-03-01T17:55:00","slug":"cookies","status":"publish","type":"page","link":"https:\/\/nai.lt\/en\/cookies\/","title":{"rendered":"Cookies"},"content":{"rendered":"\n<p><strong>What are cookies and how do they work?<\/strong><\/p>\n\n<p>Cookies used on this website. Cookies are text files that, with your consent, are stored in the browser of your device (for example, a computer, mobile phone, or tablet) when you browse this website. They collect information about your browsing activity.<\/p>\n\n<p><br\/>When you visit the website for the first time, cookies are placed on your device and are subsequently used to distinguish your device from other users\u2019 devices. They help ensure a more convenient browsing experience and allow us to improve the website. This is a common practice for browsing websites. It makes it easier to navigate a website you have already visited and simplifies access to the information published on it.<\/p>\n\n<p><br\/>Through cookies, your IP address and browsing information may be processed, such as the sections of the website you visit, the time spent on the site, and similar data.<\/p>\n\n<p><strong>Which cookies do we use?<\/strong><\/p>\n\n<p>To ensure you can use the website more conveniently and efficiently, we use the following cookies:<\/p>\n\n<figure class=\"wp-block-table\"><table class=\"has-fixed-layout\"><thead><tr><th><strong>Cookie name<\/strong><\/th><th><strong>Purpose of the cookie<\/strong><\/th><th><strong>Retention period<\/strong><\/th><\/tr><\/thead><tbody><tr><td><strong>Essential<\/strong><\/td><\/tr><tr><td>Wp-wpml_current_language<\/td><td>To store your selected language.<\/td><td>1 year<\/td><\/tr><tr><td><strong>Functional<\/strong><\/td><\/tr><tr><td>Cookie_notice_accepted<\/td><td>To record whether the user has provided consent and which level of cookies has been accepted, and to confirm that the user has read the cookie policy.<\/td><td>1 year, or until the browser is closed (if cookies are not accepted).<\/td><\/tr><tr><td>cookie_func<\/td><td>To enhance functionality and personalisation &#8211; for example, to improve the format and layout of the content displayed, set font size, or adjust the positioning of website elements. They may be set by us or by third-party providers whose services are integrated into our pages. If you do not allow these cookies, some or all of the functions described above may not operate properly.<\/td><td>1 year<\/td><\/tr><tr><td>accessibility<\/td><td>To determine whether the user has enabled the accessibility display mode.<\/td><td>1 day<\/td><\/tr><tr><td>bg<\/td><td>To store the user\u2019s selected background (light\/dark).<\/td><td>1 day<\/td><\/tr><tr><td>img<\/td><td>To store the user\u2019s preference for image display (show\/hide).<\/td><td>1 day<\/td><\/tr><tr><td>size<\/td><td>Saugoti vartotojo pasirinkt\u0105 \u0161rifto dyd\u012f.<\/td><td>1 day<\/td><\/tr><tr><td><strong>Statistical<\/strong><\/td><\/tr><tr><td>cookie-3rd_stat<\/td><td>To enable the counting of visits and traffic sources so we can measure and improve the website\u2019s performance &#8211; for example, by identifying the most-read content by section or category. All information collected by these cookies is aggregated and therefore anonymous. If you do not allow these cookies, we will not know that you have visited our website.<\/td><td>1 year<\/td><\/tr><tr><td>_ga<\/td><td>For visitor analytics and for third-party, behaviour-based online advertising purposes.<\/td><td>2 years<\/td><\/tr><tr><td>_gid<\/td><td>For visitor analytics and for third-party, behaviour-based online advertising purposes.<\/td><td>24 hours<\/td><\/tr><\/tbody><\/table><\/figure>\n\n<p><\/p>\n\n<p><strong>How can I delete cookies from my device?<\/strong><\/p>\n\n<p>To prevent your personal data from being processed through cookies, you can change your web browser settings so that cookies are not accepted, or you can delete cookies that have already been stored.<br\/>You can adjust your cookie settings in your browser at any time. All browsers provide an option to delete cookies. More detailed instructions depend on the browser you use and can be found in your browser\u2019s settings menu.<\/p>\n\n<p><a href=\"https:\/\/www.allaboutcookies.org\/\">More information.<\/a><\/p>\n\n<p>Please note that deleting or blocking cookies may affect how the website functions and some of its features, and may also negatively impact your ability to use services available on the portal.<\/p>\n","protected":false},"excerpt":{"rendered":"<p>What are cookies and how do they work? Cookies used on this website. Cookies are text files that, with your consent, are stored in the browser of your device (for example, a computer, mobile phone, or tablet) when you browse this website. They collect information about your browsing activity. When you visit the website for [&hellip;]<\/p>\n","protected":false},"author":1,"featured_media":0,"parent":0,"menu_order":0,"comment_status":"closed","ping_status":"closed","template":"templates\/template-container.php","meta":{"_acf_changed":false,"footnotes":""},"class_list":["post-1547","page","type-page","status-publish","hentry"],"acf":[],"_links":{"self":[{"href":"https:\/\/nai.lt\/en\/wp-json\/wp\/v2\/pages\/1547","targetHints":{"allow":["GET"]}}],"collection":[{"href":"https:\/\/nai.lt\/en\/wp-json\/wp\/v2\/pages"}],"about":[{"href":"https:\/\/nai.lt\/en\/wp-json\/wp\/v2\/types\/page"}],"author":[{"embeddable":true,"href":"https:\/\/nai.lt\/en\/wp-json\/wp\/v2\/users\/1"}],"replies":[{"embeddable":true,"href":"https:\/\/nai.lt\/en\/wp-json\/wp\/v2\/comments?post=1547"}],"version-history":[{"count":1,"href":"https:\/\/nai.lt\/en\/wp-json\/wp\/v2\/pages\/1547\/revisions"}],"predecessor-version":[{"id":1548,"href":"https:\/\/nai.lt\/en\/wp-json\/wp\/v2\/pages\/1547\/revisions\/1548"}],"wp:attachment":[{"href":"https:\/\/nai.lt\/en\/wp-json\/wp\/v2\/media?parent=1547"}],"curies":[{"name":"wp","href":"https:\/\/api.w.org\/{rel}","templated":true}]}}